{"id":83,"date":"2023-04-12T12:08:25","date_gmt":"2023-04-12T12:08:25","guid":{"rendered":"https:\/\/fundacao-paodeacucar-auchan.pt\/website\/?page_id=83"},"modified":"2023-11-17T14:33:21","modified_gmt":"2023-11-17T14:33:21","slug":"contactos","status":"publish","type":"page","link":"https:\/\/fundacao-paodeacucar-auchan.pt\/website\/contactos\/","title":{"rendered":"Contactos"},"content":{"rendered":"<div class='flex_column av-4ji93-400ff4994fe0851455d4f6cbceccc283 av_one_half  avia-builder-el-0  el_before_av_one_half  avia-builder-el-first  first flex_column_div '     ><section  class='av_textblock_section av-lgdofz3g-cd7e48eaf2d7edc2e30a094fb65b58f2'  itemscope=\"itemscope\" itemtype=\"https:\/\/schema.org\/CreativeWork\" ><div class='avia_textblock'  itemprop=\"text\" ><h4>Funda\u00e7\u00e3o P\u00e3o de A\u00e7\u00facar \u2013 Auchan<\/h4>\n<p>Sede Social:<br \/>\nEstrada de Pa\u00e7o de Arcos 48A<br \/>\n2770-129 Pa\u00e7o de Arcos,\u00a0Oeiras<br \/>\nTelefone: 210 45 7 750<br \/>\nEmail: <a href=\"mailto:fundacao.paoacucar.auchan@auchan.pt\">fundacao.paoacucar.auchan@auchan.pt<\/a><\/p>\n<h4>Col\u00e9gio Rik&#038;Rok Amadora<\/h4>\n<p>Av. Jos\u00e9 Garc\u00eas 34, Casal da Mira, Brandoa<br \/>\n2650-435 Amadora<br \/>\nTelefone: 210 457 599<br \/>\nTelem\u00f3vel: 927 956 935<br \/>\nEmail: <a href=\"mailto:colegiorikrok.amadora@auchan.pt\">colegiorikrok.amadora@auchan.pt<\/a><\/p>\n<h4>Col\u00e9gio Rik&#038;Rok Alfragide<\/h4>\n<p>Rua Alto do Montijo 3, Portela de Carnaxide<br \/>\n2790-012 Carnaxide<br \/>\nTelefone: 210 457 149<br \/>\nTelem\u00f3vel: 967 183 816<br \/>\nEmail: <a href=\"mailto:colegiorikrok.alfragide@auchan.pt\">colegiorikrok.alfragide@auchan.pt<\/a><\/p>\n<\/div><\/section><\/div>\n<div class='flex_column av-394kr-6335d1432371b57dd56b17031db88b4a av_one_half  avia-builder-el-2  el_after_av_one_half  avia-builder-el-last  flex_column_div '     ><form action=\"https:\/\/fundacao-paodeacucar-auchan.pt\/website\/contactos\/\" method=\"post\"  class=\"avia_ajax_form av-form-labels-visible   avia-builder-el-3  avia-builder-el-no-sibling   \" data-avia-form-id=\"1\" data-avia-redirect='' ><fieldset><p class='  first_form  form_element form_fullwidth' id='element_avia_1_1'><label for=\"avia_1_1\">Nome <abbr class=\"required\" title=\"required\">*<\/abbr><\/label> <input name=\"avia_1_1\" class=\"text_input is_empty\" type=\"text\" id=\"avia_1_1\" value=\"\" \/><\/p><p class='  first_form  form_element form_fullwidth' id='element_avia_2_1'><label for=\"avia_2_1\">E-Mail <abbr class=\"required\" title=\"required\">*<\/abbr><\/label> <input name=\"avia_2_1\" class=\"text_input is_email\" type=\"text\" id=\"avia_2_1\" value=\"\" \/><\/p><p class='  first_form  form_element form_fullwidth' id='element_avia_3_1'><label for=\"avia_3_1\" class=\"textare_label hidden textare_label_avia_3_1\">Mensagem <abbr class=\"required\" title=\"required\">*<\/abbr><\/label><textarea  name=\"avia_3_1\" class=\"text_area is_empty\" cols=\"40\" rows=\"7\" id=\"avia_3_1\" ><\/textarea><\/p><p class=\"hidden\"><input type=\"text\" name=\"avia_4_1\" class=\"hidden \" id=\"avia_4_1\" value=\"\" \/><\/p><p class='   form_element form_fullwidth' id='element_avia_5_1'><span class='value_verifier_label'>3 + 4 = ?<\/span><input name=\"avia_5_1_verifier\" type=\"hidden\" id=\"avia_5_1_verifier\" value=\"314771834\"\/><label for=\"avia_5_1\">Please prove that you are human by solving the equation <abbr class=\"required\" title=\"required\">*<\/abbr><\/label><input name=\"avia_5_1\" class=\"text_input captcha\" type=\"text\" id=\"avia_5_1\" value=\"\"\/><\/p><p class=\"form_element \"><input type=\"hidden\" value=\"1\" name=\"avia_generated_form1\" \/><input type=\"submit\" value=\"Enviar\" class=\"button\"  data-sending-label=\"Sending\"\/><\/p><\/fieldset><\/form><div id=\"ajaxresponse_1\" class=\"ajaxresponse ajaxresponse_1 hidden\"><\/div><\/div>\n","protected":false},"excerpt":{"rendered":"","protected":false},"author":1,"featured_media":0,"parent":0,"menu_order":23,"comment_status":"closed","ping_status":"closed","template":"","meta":{"inline_featured_image":false,"footnotes":""},"class_list":["post-83","page","type-page","status-publish","hentry"],"_links":{"self":[{"href":"https:\/\/fundacao-paodeacucar-auchan.pt\/website\/wp-json\/wp\/v2\/pages\/83","targetHints":{"allow":["GET"]}}],"collection":[{"href":"https:\/\/fundacao-paodeacucar-auchan.pt\/website\/wp-json\/wp\/v2\/pages"}],"about":[{"href":"https:\/\/fundacao-paodeacucar-auchan.pt\/website\/wp-json\/wp\/v2\/types\/page"}],"author":[{"embeddable":true,"href":"https:\/\/fundacao-paodeacucar-auchan.pt\/website\/wp-json\/wp\/v2\/users\/1"}],"replies":[{"embeddable":true,"href":"https:\/\/fundacao-paodeacucar-auchan.pt\/website\/wp-json\/wp\/v2\/comments?post=83"}],"version-history":[{"count":17,"href":"https:\/\/fundacao-paodeacucar-auchan.pt\/website\/wp-json\/wp\/v2\/pages\/83\/revisions"}],"predecessor-version":[{"id":1688,"href":"https:\/\/fundacao-paodeacucar-auchan.pt\/website\/wp-json\/wp\/v2\/pages\/83\/revisions\/1688"}],"wp:attachment":[{"href":"https:\/\/fundacao-paodeacucar-auchan.pt\/website\/wp-json\/wp\/v2\/media?parent=83"}],"curies":[{"name":"wp","href":"https:\/\/api.w.org\/{rel}","templated":true}]}}