{"id":74,"date":"2023-04-12T12:06:40","date_gmt":"2023-04-12T12:06:40","guid":{"rendered":"https:\/\/fundacao-paodeacucar-auchan.pt\/website\/?page_id=74"},"modified":"2025-01-14T17:26:55","modified_gmt":"2025-01-14T17:26:55","slug":"acao-social","status":"publish","type":"page","link":"https:\/\/fundacao-paodeacucar-auchan.pt\/website\/acao-social\/","title":{"rendered":"A quem se destina"},"content":{"rendered":"\n<style type=\"text\/css\" data-created_by=\"avia_inline_auto\" id=\"style-css-av-qvkm-af43e7eb6ddb3bb551676a78a184fc4d\">\n#top .flex_column.av-qvkm-af43e7eb6ddb3bb551676a78a184fc4d{\nmargin-top:0px;\nmargin-bottom:0px;\n}\n.responsive #top #wrap_all .flex_column.av-qvkm-af43e7eb6ddb3bb551676a78a184fc4d{\nmargin-top:0px;\nmargin-bottom:0px;\n}\n<\/style>\n<div class='flex_column av-qvkm-af43e7eb6ddb3bb551676a78a184fc4d av_one_full  avia-builder-el-0  el_before_av_one_third  avia-builder-el-first  first flex_column_div '     ><section  class='av_textblock_section av-lgdootqz-61ce565f5f105ebde43bf84263ef84b0'  itemscope=\"itemscope\" itemtype=\"https:\/\/schema.org\/CreativeWork\" ><div class='avia_textblock'  itemprop=\"text\" ><h2>A quem se destina<\/h2>\n<p>O Departamento de A\u00e7\u00e3o Social destina-se exclusivamente a Colaboradores e ex-Colaboradores da Auchan Retail Portugal e respectivos agregados familiares, desenvolvendo a\u00e7\u00f5es de car\u00e1cter social, educativo e l\u00fadico.<\/p>\n<\/div><\/section><br \/>\n\n<style type=\"text\/css\" data-created_by=\"avia_inline_auto\" id=\"style-css-av-lh7p4zh8-d51bc3d663872798bc2a0e91ff5378a0\">\n#top .hr.hr-invisible.av-lh7p4zh8-d51bc3d663872798bc2a0e91ff5378a0{\nheight:20px;\n}\n<\/style>\n<div  class='hr av-lh7p4zh8-d51bc3d663872798bc2a0e91ff5378a0 hr-invisible  avia-builder-el-2  el_after_av_textblock  el_before_av_image '><span class='hr-inner '><span class=\"hr-inner-style\"><\/span><\/span><\/div><br \/>\n\n<style type=\"text\/css\" data-created_by=\"avia_inline_auto\" id=\"style-css-av-lh94lka0-8c8745caddb6974de5e9ee04ff9e11d6\">\n.avia-image-container.av-lh94lka0-8c8745caddb6974de5e9ee04ff9e11d6 img.avia_image{\nbox-shadow:none;\n}\n.avia-image-container.av-lh94lka0-8c8745caddb6974de5e9ee04ff9e11d6 .av-image-caption-overlay-center{\ncolor:#ffffff;\n}\n<\/style>\n<div  class='avia-image-container av-lh94lka0-8c8745caddb6974de5e9ee04ff9e11d6 av-styling- avia-align-center  avia-builder-el-3  el_after_av_hr  el_before_av_hr '   itemprop=\"image\" itemscope=\"itemscope\" itemtype=\"https:\/\/schema.org\/ImageObject\" ><div class=\"avia-image-container-inner\"><div class=\"avia-image-overlay-wrap\"><img decoding=\"async\" class='wp-image-1271 avia-img-lazy-loading-not-1271 avia_image ' src=\"https:\/\/fundacao-paodeacucar-auchan.pt\/website\/wp-content\/uploads\/2023\/05\/pessoas.jpg\" alt='' title='pessoas'  height=\"363\" width=\"1310\"  itemprop=\"thumbnailUrl\" srcset=\"https:\/\/fundacao-paodeacucar-auchan.pt\/website\/wp-content\/uploads\/2023\/05\/pessoas.jpg 1310w, https:\/\/fundacao-paodeacucar-auchan.pt\/website\/wp-content\/uploads\/2023\/05\/pessoas-300x83.jpg 300w, https:\/\/fundacao-paodeacucar-auchan.pt\/website\/wp-content\/uploads\/2023\/05\/pessoas-1030x285.jpg 1030w, https:\/\/fundacao-paodeacucar-auchan.pt\/website\/wp-content\/uploads\/2023\/05\/pessoas-768x213.jpg 768w, https:\/\/fundacao-paodeacucar-auchan.pt\/website\/wp-content\/uploads\/2023\/05\/pessoas-705x195.jpg 705w\" sizes=\"(max-width: 1310px) 100vw, 1310px\" \/><\/div><\/div><\/div><br \/>\n\n<style type=\"text\/css\" data-created_by=\"avia_inline_auto\" id=\"style-css-av-lh94pqc7-8e4700517764b707291bb7ed4ce977dd\">\n#top .hr.hr-invisible.av-lh94pqc7-8e4700517764b707291bb7ed4ce977dd{\nheight:10px;\n}\n<\/style>\n<div  class='hr av-lh94pqc7-8e4700517764b707291bb7ed4ce977dd hr-invisible  avia-builder-el-4  el_after_av_image  el_before_av_textblock '><span class='hr-inner '><span class=\"hr-inner-style\"><\/span><\/span><\/div><br \/>\n<section  class='av_textblock_section av-lh94neol-6ede06ed3c301d84043d16d62b42d0d4'  itemscope=\"itemscope\" itemtype=\"https:\/\/schema.org\/CreativeWork\" ><div class='avia_textblock'  itemprop=\"text\" ><p>Tem como Miss\u00e3o <b>\u201cMelhorar a Qualidade de Vida dos Colaboradores da Auchan Retail Portugal, desenvolvendo a\u00e7\u00f5es de car\u00e1cter social que lhes permitam ser parte integrante de uma sociedade mais justa, sustent\u00e1vel e onde as principais necessidades de cada um sejam garantidas.\u201d<\/b><\/p>\n<p>Deste Departamento fazem parte assistentes sociais e psic\u00f3logos que, em conjunto com a rede de volunt\u00e1rios da empresa (Delegados da Funda\u00e7\u00e3o e outros), interv\u00eam em todo o Universo da Auchan Retail Portugal.<\/p>\n<\/div><\/section><br \/>\n<section  class='av_textblock_section av-lh68sd1w-8377e7f52422cac03fee8700bfb718e6'  itemscope=\"itemscope\" itemtype=\"https:\/\/schema.org\/CreativeWork\" ><div class='avia_textblock'  itemprop=\"text\" ><h3>Apoio Social<\/h3>\n<p>Atrav\u00e9s de acompanhamento individualizado, a equipa de a\u00e7\u00e3o social presta apoio psicossocial e socioecon\u00f3mico aos colaboradores e suas fam\u00edlias, respondendo \u00e0s suas necessidades espec\u00edficas.<\/p>\n<p>Interv\u00e9m em situa\u00e7\u00f5es de vulnerabilidade, capacitando-os para a minimiza\u00e7\u00e3o e resolu\u00e7\u00e3o dos seus problemas.<\/p>\n<h4><\/h4>\n<h4><\/h4>\n<\/div><\/section><br \/>\n<section  class='av_textblock_section av-lh7p4eeb-6d7aa229082fbf0f1a9bbe7d5450f0be'  itemscope=\"itemscope\" itemtype=\"https:\/\/schema.org\/CreativeWork\" ><div class='avia_textblock'  itemprop=\"text\" ><h4><\/h4>\n<h4><\/h4>\n<h4>Atua em 3 \u00e1reas:<\/h4>\n<\/div><\/section><\/p><\/div>\n<div class='flex_column_table av-lh7p0uu6-b4d1dcf338318654339563d41ae0d038 sc-av_one_third av-equal-height-column-flextable'>\n<style type=\"text\/css\" data-created_by=\"avia_inline_auto\" id=\"style-css-av-lh7p0uu6-b4d1dcf338318654339563d41ae0d038\">\n.flex_column.av-lh7p0uu6-b4d1dcf338318654339563d41ae0d038{\nwidth:31.333333333333%;\nmargin-left:0;\n-webkit-border-radius:5px 5px 5px 5px;\n-moz-border-radius:5px 5px 5px 5px;\nborder-radius:5px 5px 5px 5px;\npadding:25px 25px 25px 25px;\nbackground-color:#262f65;\n}\n#top .flex_column_table.av-equal-height-column-flextable.av-lh7p0uu6-b4d1dcf338318654339563d41ae0d038 .av-flex-placeholder{\nwidth:3%;\n}\n<\/style>\n<div class='flex_column av-lh7p0uu6-b4d1dcf338318654339563d41ae0d038 av_one_third  avia-builder-el-8  el_after_av_one_full  el_before_av_one_third  first flex_column_table_cell av-equal-height-column av-align-top av-animated-generic bottom-to-top column-top-margin'     ><style type=\"text\/css\" data-created_by=\"avia_inline_auto\" id=\"style-css-av-lh68z9cq-6c0774e7841045a48f371f1275ee5178\">\n#top .av_textblock_section.av-lh68z9cq-6c0774e7841045a48f371f1275ee5178 .avia_textblock{\ncolor:#ffffff;\n}\n<\/style>\n<section  class='av_textblock_section av-lh68z9cq-6c0774e7841045a48f371f1275ee5178'  itemscope=\"itemscope\" itemtype=\"https:\/\/schema.org\/CreativeWork\" ><div class='avia_textblock av_inherit_color'  itemprop=\"text\" ><h4 style=\"text-align: center;\">Apoio Familiar<\/h4>\n<p>Alimentar (Cart\u00f5es Oferta para aquisi\u00e7\u00e3o de bens alimentares de 1\u00aa necessidade);<\/p>\n<p>Habita\u00e7\u00e3o (Comparticipa\u00e7\u00e3o em rendas, comparticipa\u00e7\u00e3o em despesas de casa, etc.);<\/p>\n<\/div><\/section><\/div>\n<div class='av-flex-placeholder'><\/div>\n<style type=\"text\/css\" data-created_by=\"avia_inline_auto\" id=\"style-css-av-lh7p68vi-52b1776adb52c583b60f6bf4e75914a9\">\n.flex_column.av-lh7p68vi-52b1776adb52c583b60f6bf4e75914a9{\nwidth:31.333333333333%;\nmargin-left:0;\n-webkit-border-radius:5px 5px 5px 5px;\n-moz-border-radius:5px 5px 5px 5px;\nborder-radius:5px 5px 5px 5px;\npadding:25px 25px 25px 25px;\nbackground-color:#262f65;\n}\n#top .flex_column_table.av-equal-height-column-flextable.av-lh7p68vi-52b1776adb52c583b60f6bf4e75914a9 .av-flex-placeholder{\nwidth:3%;\n}\n<\/style>\n<div class='flex_column av-lh7p68vi-52b1776adb52c583b60f6bf4e75914a9 av_one_third  avia-builder-el-10  el_after_av_one_third  el_before_av_one_third  flex_column_table_cell av-equal-height-column av-align-top av-animated-generic bottom-to-top column-top-margin'     ><style type=\"text\/css\" data-created_by=\"avia_inline_auto\" id=\"style-css-av-lh7ogul1-0ea67ea8abf452eb8057a16281f77b8b\">\n#top .av_textblock_section.av-lh7ogul1-0ea67ea8abf452eb8057a16281f77b8b .avia_textblock{\ncolor:#ffffff;\n}\n<\/style>\n<section  class='av_textblock_section av-lh7ogul1-0ea67ea8abf452eb8057a16281f77b8b'  itemscope=\"itemscope\" itemtype=\"https:\/\/schema.org\/CreativeWork\" ><div class='avia_textblock av_inherit_color'  itemprop=\"text\" ><h4 style=\"text-align: center;\">Apoio Sa\u00fade<\/h4>\n<p>Apoio m\u00e9dico complementar ao Seguro de Sa\u00fade (comparticipa\u00e7\u00e3o em consultas e exames), medica\u00e7\u00e3o, etc.<\/p>\n<p>Ajudas t\u00e9cnicas de sa\u00fade.<\/p>\n<\/div><\/section><\/div>\n<div class='av-flex-placeholder'><\/div>\n<style type=\"text\/css\" data-created_by=\"avia_inline_auto\" id=\"style-css-av-lh7okeh3-4e90e6f86cd2d8a4342694623b44fc75\">\n.flex_column.av-lh7okeh3-4e90e6f86cd2d8a4342694623b44fc75{\nwidth:31.333333333333%;\nmargin-left:0;\n-webkit-border-radius:5px 5px 5px 5px;\n-moz-border-radius:5px 5px 5px 5px;\nborder-radius:5px 5px 5px 5px;\npadding:25px 25px 25px 25px;\nbackground-color:#262f65;\n}\n#top .flex_column_table.av-equal-height-column-flextable.av-lh7okeh3-4e90e6f86cd2d8a4342694623b44fc75 .av-flex-placeholder{\nwidth:3%;\n}\n<\/style>\n<div class='flex_column av-lh7okeh3-4e90e6f86cd2d8a4342694623b44fc75 av_one_third  avia-builder-el-12  el_after_av_one_third  el_before_av_hr  flex_column_table_cell av-equal-height-column av-align-top av-animated-generic bottom-to-top column-top-margin'     ><style type=\"text\/css\" data-created_by=\"avia_inline_auto\" id=\"style-css-av-lh7ogyfi-af3560649a6cc10b26566243157ad23a\">\n#top .av_textblock_section.av-lh7ogyfi-af3560649a6cc10b26566243157ad23a .avia_textblock{\ncolor:#ffffff;\n}\n<\/style>\n<section  class='av_textblock_section av-lh7ogyfi-af3560649a6cc10b26566243157ad23a'  itemscope=\"itemscope\" itemtype=\"https:\/\/schema.org\/CreativeWork\" ><div class='avia_textblock av_inherit_color'  itemprop=\"text\" ><h4 style=\"text-align: center;\">Informa\u00e7\u00e3o, Orienta\u00e7\u00e3o e Encaminhamento<\/h4>\n<p>Informa\u00e7\u00e3o sobre direitos\/deveres e servi\u00e7os existentes, quer particulares quer do Estado, e poss\u00edvel encaminhamento para Institui\u00e7\u00f5es de Apoio Social local ou especializadas na problem\u00e1tica identificada.<\/p>\n<\/div><\/section><\/div><\/div><!--close column table wrapper. Autoclose: 1 -->\n\n<style type=\"text\/css\" data-created_by=\"avia_inline_auto\" id=\"style-css-av-lh7p79gy-5254854c506cdf35092a8caed734f8d8\">\n#top .hr.hr-invisible.av-lh7p79gy-5254854c506cdf35092a8caed734f8d8{\nheight:100px;\n}\n<\/style>\n<div  class='hr av-lh7p79gy-5254854c506cdf35092a8caed734f8d8 hr-invisible  avia-builder-el-14  el_after_av_one_third  avia-builder-el-last '><span class='hr-inner '><span class=\"hr-inner-style\"><\/span><\/span><\/div>\n","protected":false},"excerpt":{"rendered":"","protected":false},"author":1,"featured_media":0,"parent":0,"menu_order":0,"comment_status":"closed","ping_status":"closed","template":"","meta":{"inline_featured_image":false,"footnotes":""},"class_list":["post-74","page","type-page","status-publish","hentry"],"_links":{"self":[{"href":"https:\/\/fundacao-paodeacucar-auchan.pt\/website\/wp-json\/wp\/v2\/pages\/74","targetHints":{"allow":["GET"]}}],"collection":[{"href":"https:\/\/fundacao-paodeacucar-auchan.pt\/website\/wp-json\/wp\/v2\/pages"}],"about":[{"href":"https:\/\/fundacao-paodeacucar-auchan.pt\/website\/wp-json\/wp\/v2\/types\/page"}],"author":[{"embeddable":true,"href":"https:\/\/fundacao-paodeacucar-auchan.pt\/website\/wp-json\/wp\/v2\/users\/1"}],"replies":[{"embeddable":true,"href":"https:\/\/fundacao-paodeacucar-auchan.pt\/website\/wp-json\/wp\/v2\/comments?post=74"}],"version-history":[{"count":77,"href":"https:\/\/fundacao-paodeacucar-auchan.pt\/website\/wp-json\/wp\/v2\/pages\/74\/revisions"}],"predecessor-version":[{"id":1826,"href":"https:\/\/fundacao-paodeacucar-auchan.pt\/website\/wp-json\/wp\/v2\/pages\/74\/revisions\/1826"}],"wp:attachment":[{"href":"https:\/\/fundacao-paodeacucar-auchan.pt\/website\/wp-json\/wp\/v2\/media?parent=74"}],"curies":[{"name":"wp","href":"https:\/\/api.w.org\/{rel}","templated":true}]}}