{"id":70,"date":"2023-04-12T12:05:29","date_gmt":"2023-04-12T12:05:29","guid":{"rendered":"https:\/\/fundacao-paodeacucar-auchan.pt\/website\/?page_id=70"},"modified":"2023-05-25T15:12:48","modified_gmt":"2023-05-25T15:12:48","slug":"projeto-educativo","status":"publish","type":"page","link":"https:\/\/fundacao-paodeacucar-auchan.pt\/website\/projeto-educativo\/","title":{"rendered":"Projeto Educativo"},"content":{"rendered":"<div class='flex_column av-1qkg2-18cd58b34120fdca26ac57585c5893d4 av_one_full  avia-builder-el-0  el_before_av_one_full  avia-builder-el-first  first flex_column_div '     ><section  class='av_textblock_section av-lgnlkjvb-d3dd87d27dd0337796d6992ebad4f4d2'  itemscope=\"itemscope\" itemtype=\"https:\/\/schema.org\/CreativeWork\" ><div class='avia_textblock'  itemprop=\"text\" ><h2 style=\"text-align: center;\"><span class=\"s1\">Projeto educativo<\/span><\/h2>\n<\/div><\/section><\/div>\n<div class='flex_column av-9pixa-a7c99f84388eb9f1511edb039d407332 av_one_full  avia-builder-el-2  el_after_av_one_full  el_before_av_two_third  first flex_column_div column-top-margin'     ><style type=\"text\/css\" data-created_by=\"avia_inline_auto\" id=\"style-css-av-lgnm9vp0-380a85b5ce014a1e4f6a7c19633035ef\">\n.avia-image-diff-container.av-lgnm9vp0-380a85b5ce014a1e4f6a7c19633035ef .av-image-diff-handle{\n-webkit-box-shadow:0 0 12px rgba(51, 51, 51, 0.5);\nbox-shadow:0 0 12px rgba(51, 51, 51, 0.5);\n}\n.avia-image-diff-container.av-lgnm9vp0-380a85b5ce014a1e4f6a7c19633035ef .av-image-diff-handle:before{\n-webkit-box-shadow:0 3px 0 #fff, 0px 0px 12px rgba(51, 51, 51, 0.5);\nbox-shadow:0 3px 0 #fff, 0px 0px 12px rgba(51, 51, 51, 0.5);\n}\n.avia-image-diff-container.av-lgnm9vp0-380a85b5ce014a1e4f6a7c19633035ef .av-image-diff-handle:after{\n-webkit-box-shadow:0 3px 0 #fff, 0px 0px 12px rgba(51, 51, 51, 0.5);\nbox-shadow:0 3px 0 #fff, 0px 0px 12px rgba(51, 51, 51, 0.5);\n}\n<\/style>\n<div  class='avia-image-diff-container av-lgnm9vp0-380a85b5ce014a1e4f6a7c19633035ef av-handle-vertical av-handle-circle av-handle-filled btn-always-hide btn-style-rounded av-line-default avia-align-center  avia-builder-el-3  avia-builder-el-no-sibling ' data-image_diff=\"{&quot;drag_start&quot;:&quot;22&quot;}\"  itemprop=\"image\" itemscope=\"itemscope\" itemtype=\"https:\/\/schema.org\/ImageObject\" ><div class=\"av-image-diff-wrapper\"><img decoding=\"async\" class='wp-image-204 avia-img-lazy-loading-not-204 avia_image av-img-before ' src=\"https:\/\/fundacao-paodeacucar-auchan.pt\/website\/wp-content\/uploads\/2023\/04\/proj_educativo0.jpg\" alt='' title='proj_educativo0'  height=\"409\" width=\"1310\"  itemprop=\"thumbnailUrl\" srcset=\"https:\/\/fundacao-paodeacucar-auchan.pt\/website\/wp-content\/uploads\/2023\/04\/proj_educativo0.jpg 1310w, https:\/\/fundacao-paodeacucar-auchan.pt\/website\/wp-content\/uploads\/2023\/04\/proj_educativo0-300x94.jpg 300w, https:\/\/fundacao-paodeacucar-auchan.pt\/website\/wp-content\/uploads\/2023\/04\/proj_educativo0-1030x322.jpg 1030w, https:\/\/fundacao-paodeacucar-auchan.pt\/website\/wp-content\/uploads\/2023\/04\/proj_educativo0-768x240.jpg 768w, https:\/\/fundacao-paodeacucar-auchan.pt\/website\/wp-content\/uploads\/2023\/04\/proj_educativo0-705x220.jpg 705w\" sizes=\"(max-width: 1310px) 100vw, 1310px\" \/><img decoding=\"async\" class='wp-image-207 avia-img-lazy-loading-not-207 avia_image av-img-after' src=\"https:\/\/fundacao-paodeacucar-auchan.pt\/website\/wp-content\/uploads\/2023\/04\/proj_educativo02.jpg\" alt='' title='proj_educativo02'  height=\"409\" width=\"1310\"  itemprop=\"thumbnailUrl\" srcset=\"https:\/\/fundacao-paodeacucar-auchan.pt\/website\/wp-content\/uploads\/2023\/04\/proj_educativo02.jpg 1310w, https:\/\/fundacao-paodeacucar-auchan.pt\/website\/wp-content\/uploads\/2023\/04\/proj_educativo02-300x94.jpg 300w, https:\/\/fundacao-paodeacucar-auchan.pt\/website\/wp-content\/uploads\/2023\/04\/proj_educativo02-1030x322.jpg 1030w, https:\/\/fundacao-paodeacucar-auchan.pt\/website\/wp-content\/uploads\/2023\/04\/proj_educativo02-768x240.jpg 768w, https:\/\/fundacao-paodeacucar-auchan.pt\/website\/wp-content\/uploads\/2023\/04\/proj_educativo02-705x220.jpg 705w\" sizes=\"(max-width: 1310px) 100vw, 1310px\" \/><div class=\"av-image-diff-overlay\"><span class=\"av-img-diff-label label-before\">Before<\/span><span class=\"av-img-diff-label label-after\">After<\/span><\/div><div class=\"av-image-diff-handle\"><span class=\"av-handle-arrow av-handle-left-arrow\"><\/span><span class=\"av-handle-arrow av-handle-right-arrow\"><\/span><\/div><\/div><\/div><\/div>\n<div class='flex_column av-87twe-ec1e226f142caa3a8adadd5f58e3c106 av_two_third  avia-builder-el-4  el_after_av_one_full  el_before_av_one_third  first flex_column_div column-top-margin'     ><p>\n<style type=\"text\/css\" data-created_by=\"avia_inline_auto\" id=\"style-css-av-lgnlm6c4-c8e4d335df6b21f560d5dd178452f1f9\">\n#top .hr.hr-invisible.av-lgnlm6c4-c8e4d335df6b21f560d5dd178452f1f9{\nheight:10px;\n}\n<\/style>\n<div  class='hr av-lgnlm6c4-c8e4d335df6b21f560d5dd178452f1f9 hr-invisible  avia-builder-el-5  el_before_av_textblock  avia-builder-el-first '><span class='hr-inner '><span class=\"hr-inner-style\"><\/span><\/span><\/div><br \/>\n<section  class='av_textblock_section av-lgmif0ep-2d4b9bb510538bd2e4e5f973408316fa'  itemscope=\"itemscope\" itemtype=\"https:\/\/schema.org\/CreativeWork\" ><div class='avia_textblock'  itemprop=\"text\" ><h3><span class=\"s1\">Enquadramento Pedag\u00f3gico<\/span><\/h3>\n<p><b>A constru\u00e7\u00e3o social da aprendizagem<\/b> <b>e do desenvolvimento individual da Crian\u00e7a<\/b>, <b>situado no contexto das diversas influ\u00eancias culturais e sociais; <\/b><\/p>\n<p class=\"p2\">A Crian\u00e7a desenvolve aprendizagens quando est\u00e1 integrada pela Fam\u00edlia e Comunidade; mostra espontaneamente interesse em comunicar, explorar, interagir e aprender com o seu meio envolvente; constr\u00f3i os seus pr\u00f3prios conhecimentos e conce\u00e7\u00f5es da realidade a partir da experi\u00eancia, ao mesmo tempo que vai descobrindo e expressando os seus interesses e motiva\u00e7\u00f5es.<\/p>\n<p><b>A import\u00e2ncia da qualidade das intera\u00e7\u00f5es do adulto no desenvolvimento e aprendizagem da Crian\u00e7a;<\/b><\/p>\n<p class=\"p2\">Para estimular a sua aprendizagem, a Crian\u00e7a necessita da presen\u00e7a e apoio consistente de um adulto. Este, garante a cada uma a seguran\u00e7a pessoal (f\u00edsica) e o bem-estar emocional (sentimento de perten\u00e7a, ser amada), fundamental para manter o desejo inato de agir, comunicar e assim desenvolver as suas compet\u00eancias.<\/p>\n<p class=\"p2\">A Crian\u00e7a desenvolve-se e aprende quando interage com adultos interessados, responsivos e criativos, que a encorajam a participar de forma ativa nas diversas situa\u00e7\u00f5es do seu quotidiano.<\/p>\n<\/div><\/section><\/p><\/div>\n<div class='flex_column av-7eikq-460d76002807ff9506bc8402bb0914e5 av_one_third  avia-builder-el-7  el_after_av_two_third  el_before_av_one_third  flex_column_div av-parallax-object column-top-margin' data-parallax=\"{&quot;parallax&quot;:&quot;left_right&quot;,&quot;parallax_speed&quot;:&quot;20&quot;,&quot;av-desktop-parallax&quot;:&quot;inherit&quot;,&quot;av-desktop-parallax_speed&quot;:&quot;inherit&quot;,&quot;av-medium-parallax&quot;:&quot;inherit&quot;,&quot;av-medium-parallax_speed&quot;:&quot;inherit&quot;,&quot;av-small-parallax&quot;:&quot;inherit&quot;,&quot;av-small-parallax_speed&quot;:&quot;inherit&quot;,&quot;av-mini-parallax&quot;:&quot;inherit&quot;,&quot;av-mini-parallax_speed&quot;:&quot;inherit&quot;,&quot;parallax-container&quot;:&quot;.av-7eikq-460d76002807ff9506bc8402bb0914e5&quot;}\"    ><style type=\"text\/css\" data-created_by=\"avia_inline_auto\" id=\"style-css-av-6ur2u-1c9c7774e95d1573b09348384edd1237\">\n.avia-image-container.av-6ur2u-1c9c7774e95d1573b09348384edd1237 img.avia_image{\nbox-shadow:none;\n}\n.avia-image-container.av-6ur2u-1c9c7774e95d1573b09348384edd1237 .av-image-caption-overlay-center{\ncolor:#ffffff;\n}\n<\/style>\n<div  class='avia-image-container av-6ur2u-1c9c7774e95d1573b09348384edd1237 av-styling- avia-align-center  avia-builder-el-8  avia-builder-el-no-sibling '   itemprop=\"image\" itemscope=\"itemscope\" itemtype=\"https:\/\/schema.org\/ImageObject\" ><div class=\"avia-image-container-inner\"><div class=\"avia-image-overlay-wrap\"><img decoding=\"async\" class='wp-image-203 avia-img-lazy-loading-not-203 avia_image ' src=\"https:\/\/fundacao-paodeacucar-auchan.pt\/website\/wp-content\/uploads\/2023\/04\/proj_educativo4.jpg\" alt='' title='proj_educativo4'  height=\"400\" width=\"400\"  itemprop=\"thumbnailUrl\" srcset=\"https:\/\/fundacao-paodeacucar-auchan.pt\/website\/wp-content\/uploads\/2023\/04\/proj_educativo4.jpg 400w, https:\/\/fundacao-paodeacucar-auchan.pt\/website\/wp-content\/uploads\/2023\/04\/proj_educativo4-300x300.jpg 300w, https:\/\/fundacao-paodeacucar-auchan.pt\/website\/wp-content\/uploads\/2023\/04\/proj_educativo4-80x80.jpg 80w, https:\/\/fundacao-paodeacucar-auchan.pt\/website\/wp-content\/uploads\/2023\/04\/proj_educativo4-36x36.jpg 36w, https:\/\/fundacao-paodeacucar-auchan.pt\/website\/wp-content\/uploads\/2023\/04\/proj_educativo4-180x180.jpg 180w\" sizes=\"(max-width: 400px) 100vw, 400px\" \/><\/div><\/div><\/div><\/div>\n<div class='flex_column av-6b7zq-0d553fbefce4daaf3811b4d3e9c3befc av_one_third  avia-builder-el-9  el_after_av_one_third  el_before_av_two_third  first flex_column_div av-parallax-object column-top-margin' data-parallax=\"{&quot;parallax&quot;:&quot;right_left&quot;,&quot;parallax_speed&quot;:&quot;20&quot;,&quot;av-desktop-parallax&quot;:&quot;inherit&quot;,&quot;av-desktop-parallax_speed&quot;:&quot;inherit&quot;,&quot;av-medium-parallax&quot;:&quot;inherit&quot;,&quot;av-medium-parallax_speed&quot;:&quot;inherit&quot;,&quot;av-small-parallax&quot;:&quot;inherit&quot;,&quot;av-small-parallax_speed&quot;:&quot;inherit&quot;,&quot;av-mini-parallax&quot;:&quot;inherit&quot;,&quot;av-mini-parallax_speed&quot;:&quot;inherit&quot;,&quot;parallax-container&quot;:&quot;.av-6b7zq-0d553fbefce4daaf3811b4d3e9c3befc&quot;}\"    ><style type=\"text\/css\" data-created_by=\"avia_inline_auto\" id=\"style-css-av-5y6s2-2eecf4405b687719a7ee9ac45e0443eb\">\n.avia-image-container.av-5y6s2-2eecf4405b687719a7ee9ac45e0443eb img.avia_image{\nbox-shadow:none;\n}\n.avia-image-container.av-5y6s2-2eecf4405b687719a7ee9ac45e0443eb .av-image-caption-overlay-center{\ncolor:#ffffff;\n}\n<\/style>\n<div  class='avia-image-container av-5y6s2-2eecf4405b687719a7ee9ac45e0443eb av-styling- avia-align-center  avia-builder-el-10  avia-builder-el-no-sibling '   itemprop=\"image\" itemscope=\"itemscope\" itemtype=\"https:\/\/schema.org\/ImageObject\" ><div class=\"avia-image-container-inner\"><div class=\"avia-image-overlay-wrap\"><img decoding=\"async\" class='wp-image-200 avia-img-lazy-loading-not-200 avia_image ' src=\"https:\/\/fundacao-paodeacucar-auchan.pt\/website\/wp-content\/uploads\/2023\/04\/proj_educativo2.jpg\" alt='' title='proj_educativo2'  height=\"400\" width=\"400\"  itemprop=\"thumbnailUrl\" srcset=\"https:\/\/fundacao-paodeacucar-auchan.pt\/website\/wp-content\/uploads\/2023\/04\/proj_educativo2.jpg 400w, https:\/\/fundacao-paodeacucar-auchan.pt\/website\/wp-content\/uploads\/2023\/04\/proj_educativo2-300x300.jpg 300w, https:\/\/fundacao-paodeacucar-auchan.pt\/website\/wp-content\/uploads\/2023\/04\/proj_educativo2-80x80.jpg 80w, https:\/\/fundacao-paodeacucar-auchan.pt\/website\/wp-content\/uploads\/2023\/04\/proj_educativo2-36x36.jpg 36w, https:\/\/fundacao-paodeacucar-auchan.pt\/website\/wp-content\/uploads\/2023\/04\/proj_educativo2-180x180.jpg 180w\" sizes=\"(max-width: 400px) 100vw, 400px\" \/><\/div><\/div><\/div><\/div>\n<div class='flex_column av-56ufy-693b6994ec7e9e538e9074ba73df5ef7 av_two_third  avia-builder-el-11  el_after_av_one_third  el_before_av_one_full  flex_column_div column-top-margin'     ><p>\n<style type=\"text\/css\" data-created_by=\"avia_inline_auto\" id=\"style-css-av-lgnlmqke-071deb1640b5d2addf27dbee67bee20d\">\n#top .hr.hr-invisible.av-lgnlmqke-071deb1640b5d2addf27dbee67bee20d{\nheight:60px;\n}\n<\/style>\n<div  class='hr av-lgnlmqke-071deb1640b5d2addf27dbee67bee20d hr-invisible  avia-builder-el-12  el_before_av_textblock  avia-builder-el-first '><span class='hr-inner '><span class=\"hr-inner-style\"><\/span><\/span><\/div><br \/>\n<section  class='av_textblock_section av-lgmin014-79a1e6ad1a25450654cc0986ce89edb1'  itemscope=\"itemscope\" itemtype=\"https:\/\/schema.org\/CreativeWork\" ><div class='avia_textblock'  itemprop=\"text\" ><p><b>O desenvolvimento e a aprendizagem s\u00e3o vertentes indissoci\u00e1veis;<\/b><\/p>\n<p class=\"p1\">A Crian\u00e7a apresenta um r\u00e1pido desenvolvimento a n\u00edvel f\u00edsico, cognitivo e s\u00f3cio emocional. Envolve-se e aprende de uma forma mais efetiva quando est\u00e1 intrinsecamente motivada e quando as experi\u00eancias de aprendizagem s\u00e3o relevantes, t\u00eam sentido e refletem a natureza da sua aprendizagem.<\/p>\n<p><b>As compet\u00eancias da Crian\u00e7a enquanto ser \u00fanico, ser pensante;<\/b><\/p>\n<p class=\"p1\">A Crian\u00e7a confia naturalmente nas suas capacidades (para investigar e apropriar-se do mundo que as rodeia, para comunicar com os outros) e apresenta uma progressiva consci\u00eancia de Si, enquanto seres \u00fanicos com identidade pr\u00f3pria, capazes de pensar e realizar a\u00e7\u00f5es intencionais.<\/p>\n<\/div><\/section><\/p><\/div>\n<div class='flex_column av-3fwa-d446fccc87d37025fd7dc2e226addc91 av_one_full  avia-builder-el-14  el_after_av_two_third  el_before_av_one_full  first flex_column_div column-top-margin'     ><section  class='av_textblock_section av-lgnl2d8t-85c9f8976c3acc29a402e58e7019e376'  itemscope=\"itemscope\" itemtype=\"https:\/\/schema.org\/CreativeWork\" ><div class='avia_textblock'  itemprop=\"text\" ><p><b>A organiza\u00e7\u00e3o e qualidade do ambiente educativo;\u00a0<\/b><\/p>\n<p class=\"p1\">A Crian\u00e7a depende do adulto na organiza\u00e7\u00e3o de um contexto de vida estimulante que permita uma aprendizagem ativa. Aprende<b> <\/b>quando o meio ambiente \u00e9 flex\u00edvel, acess\u00edvel e rico em diversidade de experi\u00eancias, de oportunidades de escolha, permitindo pontos de partida m\u00faltiplos para o desenvolvimento e a aprendizagem.<\/p>\n<p><b>O envolvimento da Crian\u00e7a em situa\u00e7\u00f5es de jogo<\/b>.<\/p>\n<p class=\"p1\">A Crian\u00e7a d\u00e1 sentido a experi\u00eancias sens\u00f3rio motoras e atrav\u00e9s destas constr\u00f3i atributos e rela\u00e7\u00f5es. \u00c9 fundamental a exist\u00eancia de um ambiente no qual cada uma se reconhe\u00e7a, se envolva enquanto sujeito decisor no processo educativo, e que seja adapt\u00e1vel aos seus interesses e necessidades.<\/p>\n<\/div><\/section><\/div>\n<div class='flex_column av-2g19m-599307612df9dda8fb3fcaf8a3c1f8a4 av_one_full  avia-builder-el-16  el_after_av_one_full  el_before_av_one_full  first flex_column_div column-top-margin'     ><style type=\"text\/css\" data-created_by=\"avia_inline_auto\" id=\"style-css-av-21sdq-ef454b4ee399f9636c96e0fed1252d98\">\n.avia-image-container.av-21sdq-ef454b4ee399f9636c96e0fed1252d98 img.avia_image{\nbox-shadow:none;\n}\n.avia-image-container.av-21sdq-ef454b4ee399f9636c96e0fed1252d98 .av-image-caption-overlay-center{\ncolor:#ffffff;\n}\n<\/style>\n<div  class='avia-image-container av-21sdq-ef454b4ee399f9636c96e0fed1252d98 av-styling- avia-align-center  avia-builder-el-17  avia-builder-el-no-sibling '   itemprop=\"image\" itemscope=\"itemscope\" itemtype=\"https:\/\/schema.org\/ImageObject\" ><div class=\"avia-image-container-inner\"><div class=\"avia-image-overlay-wrap\"><img decoding=\"async\" class='wp-image-201 avia-img-lazy-loading-not-201 avia_image ' src=\"https:\/\/fundacao-paodeacucar-auchan.pt\/website\/wp-content\/uploads\/2023\/04\/proj_educativo3.jpg\" alt='' title='proj_educativo3'  height=\"400\" width=\"1310\"  itemprop=\"thumbnailUrl\" srcset=\"https:\/\/fundacao-paodeacucar-auchan.pt\/website\/wp-content\/uploads\/2023\/04\/proj_educativo3.jpg 1310w, https:\/\/fundacao-paodeacucar-auchan.pt\/website\/wp-content\/uploads\/2023\/04\/proj_educativo3-300x92.jpg 300w, https:\/\/fundacao-paodeacucar-auchan.pt\/website\/wp-content\/uploads\/2023\/04\/proj_educativo3-1030x315.jpg 1030w, https:\/\/fundacao-paodeacucar-auchan.pt\/website\/wp-content\/uploads\/2023\/04\/proj_educativo3-768x235.jpg 768w, https:\/\/fundacao-paodeacucar-auchan.pt\/website\/wp-content\/uploads\/2023\/04\/proj_educativo3-705x215.jpg 705w\" sizes=\"(max-width: 1310px) 100vw, 1310px\" \/><\/div><\/div><\/div><\/div>\n<div class='flex_column av-15j9q-cf10794e44470586ede5bb09fead811f av_one_full  avia-builder-el-18  el_after_av_one_full  el_before_av_button  first flex_column_div column-top-margin'     ><section  class='av_textblock_section av-lgmiosqh-1d0c0df109ee2ca763223786d7d9eeaa'  itemscope=\"itemscope\" itemtype=\"https:\/\/schema.org\/CreativeWork\" ><div class='avia_textblock'  itemprop=\"text\" ><h3 class=\"p1\">Fam\u00edlias<\/h3>\n<p class=\"p2\"><i>\u201c<strong>Educar para viver juntos<\/strong>\u201d<\/i> \u00e9 um dos princ\u00edpios que se pretende desenvolver em contexto educativo, envolvendo a Equipa, Fam\u00edlia e Crian\u00e7as e Comunidade.<\/p>\n<p class=\"p2\">A Escola tem o papel de valorizar a diversidade cultural, partindo das potencialidades de cada Fam\u00edlia, de modo a desenvolver um trabalho no sentido de promover na Crian\u00e7a a constru\u00e7\u00e3o da sua identidade, o respeito pelo outro, tornando-a num ser livre e capaz de viver em sociedade.<\/p>\n<p class=\"p2\">Incentivar e motivar momentos de intera\u00e7\u00e3o entre escola e Fam\u00edlia \u00e9 ben\u00e9fico para a Crian\u00e7a e enriquecedor para o Projeto Educativo de cada col\u00e9gio, promovendo rela\u00e7\u00f5es verdadeiras, com base no respeito m\u00fatuo.<\/p>\n<\/div><\/section><\/div><div  class='avia-button-wrap av-lgmiqf3f-e540ba0d2caca7afd8bc0893365b54b5-wrap avia-button-center  avia-builder-el-20  el_after_av_one_full  avia-builder-el-last '>\n<style type=\"text\/css\" data-created_by=\"avia_inline_auto\" id=\"style-css-av-lgmiqf3f-e540ba0d2caca7afd8bc0893365b54b5\">\n#top #wrap_all .avia-button.av-lgmiqf3f-e540ba0d2caca7afd8bc0893365b54b5{\nmargin:50px 0 0 0;\n}\n<\/style>\n<a href=''  class='avia-button av-lgmiqf3f-e540ba0d2caca7afd8bc0893365b54b5 avia-icon_select-yes-right-icon avia-size-medium avia-position-center av-desktop-hide av-medium-hide av-small-hide av-mini-hide avia-color-theme-color'  ><span class='avia_iconbox_title' >Consulte o nosso Projeto Educativo na integra <\/span><span class='avia_button_icon avia_button_icon_right' aria-hidden='true' data-av_icon='\ue832' data-av_iconfont='entypo-fontello'><\/span><\/a><\/div><\/p>\n","protected":false},"excerpt":{"rendered":"","protected":false},"author":1,"featured_media":0,"parent":0,"menu_order":6,"comment_status":"closed","ping_status":"closed","template":"","meta":{"inline_featured_image":false,"footnotes":""},"class_list":["post-70","page","type-page","status-publish","hentry"],"_links":{"self":[{"href":"https:\/\/fundacao-paodeacucar-auchan.pt\/website\/wp-json\/wp\/v2\/pages\/70","targetHints":{"allow":["GET"]}}],"collection":[{"href":"https:\/\/fundacao-paodeacucar-auchan.pt\/website\/wp-json\/wp\/v2\/pages"}],"about":[{"href":"https:\/\/fundacao-paodeacucar-auchan.pt\/website\/wp-json\/wp\/v2\/types\/page"}],"author":[{"embeddable":true,"href":"https:\/\/fundacao-paodeacucar-auchan.pt\/website\/wp-json\/wp\/v2\/users\/1"}],"replies":[{"embeddable":true,"href":"https:\/\/fundacao-paodeacucar-auchan.pt\/website\/wp-json\/wp\/v2\/comments?post=70"}],"version-history":[{"count":11,"href":"https:\/\/fundacao-paodeacucar-auchan.pt\/website\/wp-json\/wp\/v2\/pages\/70\/revisions"}],"predecessor-version":[{"id":1508,"href":"https:\/\/fundacao-paodeacucar-auchan.pt\/website\/wp-json\/wp\/v2\/pages\/70\/revisions\/1508"}],"wp:attachment":[{"href":"https:\/\/fundacao-paodeacucar-auchan.pt\/website\/wp-json\/wp\/v2\/media?parent=70"}],"curies":[{"name":"wp","href":"https:\/\/api.w.org\/{rel}","templated":true}]}}